{"id":1195,"date":"2013-04-05T16:38:18","date_gmt":"2013-04-05T16:38:18","guid":{"rendered":"http:\/\/www.kriesi.at\/themes\/enfold\/?page_id=1195"},"modified":"2024-08-18T10:17:31","modified_gmt":"2024-08-18T10:17:31","slug":"about-us","status":"publish","type":"page","link":"https:\/\/parohiasfantatreimemilitari.ro\/?page_id=1195","title":{"rendered":"Despre Noi"},"content":{"rendered":"<div  class='flex_column av-28occp7-64431fb117a7c54f1b1b851a66c3884f av_one_half  avia-builder-el-0  el_before_av_one_half  avia-builder-el-first  first flex_column_div  '     ><div  class='avia-slideshow av-26fvmaj-77e68c639b4caaefcb1244c2b6fc85a4 avia-slideshow-portfolio av_slideshow avia-slide-slider  avia-builder-el-1  avia-builder-el-no-sibling  av-slideshow-ui av-control-default av-slideshow-autoplay av-loop-endless av-loop-manual-endless av-default-height-applied avia-slideshow-1' data-slideshow-options=\"{&quot;animation&quot;:&quot;slide&quot;,&quot;autoplay&quot;:true,&quot;loop_autoplay&quot;:&quot;endless&quot;,&quot;interval&quot;:3,&quot;loop_manual&quot;:&quot;manual-endless&quot;,&quot;autoplay_stopper&quot;:false,&quot;noNavigation&quot;:false,&quot;bg_slider&quot;:false,&quot;keep_padding&quot;:false,&quot;hoverpause&quot;:false,&quot;show_slide_delay&quot;:0}\"  itemprop=\"image\" itemscope=\"itemscope\" itemtype=\"https:\/\/schema.org\/ImageObject\" ><ul class='avia-slideshow-inner ' style='padding-bottom: 80.808080808081%;'><li  class='avia-slideshow-slide av-26fvmaj-77e68c639b4caaefcb1244c2b6fc85a4__0  slide-1 slide-odd'><div data-rel='slideshow-1' class='avia-slide-wrap '   ><img decoding=\"async\" fetchpriority=\"high\" class=\"wp-image-3383 avia-img-lazy-loading-not-3383\"  src=\"https:\/\/parohiasfantatreimemilitari.ro\/wp-content\/uploads\/2024\/07\/IMG-20240722-WA0012-495x400.jpg\" width=\"495\" height=\"400\" title='IMG-20240722-WA0012' alt=''  itemprop=\"thumbnailUrl\" srcset=\"https:\/\/parohiasfantatreimemilitari.ro\/wp-content\/uploads\/2024\/07\/IMG-20240722-WA0012-495x400.jpg 495w, https:\/\/parohiasfantatreimemilitari.ro\/wp-content\/uploads\/2024\/07\/IMG-20240722-WA0012-845x684.jpg 845w\" sizes=\"(max-width: 495px) 100vw, 495px\" \/><\/div><\/li><li  class='avia-slideshow-slide av-26fvmaj-77e68c639b4caaefcb1244c2b6fc85a4__1  slide-2 slide-even'><div data-rel='slideshow-1' class='avia-slide-wrap '   ><img decoding=\"async\" fetchpriority=\"high\" class=\"wp-image-3375 avia-img-lazy-loading-not-3375\"  src=\"https:\/\/parohiasfantatreimemilitari.ro\/wp-content\/uploads\/2024\/07\/IMG-20240722-WA0004-495x400.jpg\" width=\"495\" height=\"400\" title='IMG-20240722-WA0004' alt=''  itemprop=\"thumbnailUrl\" srcset=\"https:\/\/parohiasfantatreimemilitari.ro\/wp-content\/uploads\/2024\/07\/IMG-20240722-WA0004-495x400.jpg 495w, https:\/\/parohiasfantatreimemilitari.ro\/wp-content\/uploads\/2024\/07\/IMG-20240722-WA0004-845x684.jpg 845w\" sizes=\"(max-width: 495px) 100vw, 495px\" \/><\/div><\/li><li  class='avia-slideshow-slide av-26fvmaj-77e68c639b4caaefcb1244c2b6fc85a4__2  slide-3 slide-odd'><div data-rel='slideshow-1' class='avia-slide-wrap '   ><img decoding=\"async\" fetchpriority=\"high\" class=\"wp-image-3700 avia-img-lazy-loading-not-3700\"  src=\"https:\/\/parohiasfantatreimemilitari.ro\/wp-content\/uploads\/2024\/08\/DS7_0563-1-495x400.jpg\" width=\"495\" height=\"400\" title='DS7_0563' alt=''  itemprop=\"thumbnailUrl\"   \/><\/div><\/li><li  class='avia-slideshow-slide av-26fvmaj-77e68c639b4caaefcb1244c2b6fc85a4__3  slide-4 slide-even'><div data-rel='slideshow-1' class='avia-slide-wrap '   ><img decoding=\"async\" fetchpriority=\"high\" class=\"wp-image-3701 avia-img-lazy-loading-not-3701\"  src=\"https:\/\/parohiasfantatreimemilitari.ro\/wp-content\/uploads\/2024\/08\/DSF_1035-1-495x400.jpg\" width=\"495\" height=\"400\" title='DSF_1035' alt=''  itemprop=\"thumbnailUrl\"   \/><\/div><\/li><li  class='avia-slideshow-slide av-26fvmaj-77e68c639b4caaefcb1244c2b6fc85a4__4  slide-5 slide-odd'><div data-rel='slideshow-1' class='avia-slide-wrap '   ><img decoding=\"async\" fetchpriority=\"high\" class=\"wp-image-3564 avia-img-lazy-loading-not-3564\"  src=\"https:\/\/parohiasfantatreimemilitari.ro\/wp-content\/uploads\/2024\/08\/WhatsApp-Image-2024-08-01-at-22.31.53-495x400.jpeg\" width=\"495\" height=\"400\" title='WhatsApp Image 2024-08-01 at 22.31.53' alt=''  itemprop=\"thumbnailUrl\" srcset=\"https:\/\/parohiasfantatreimemilitari.ro\/wp-content\/uploads\/2024\/08\/WhatsApp-Image-2024-08-01-at-22.31.53-495x400.jpeg 495w, https:\/\/parohiasfantatreimemilitari.ro\/wp-content\/uploads\/2024\/08\/WhatsApp-Image-2024-08-01-at-22.31.53-845x684.jpeg 845w\" sizes=\"(max-width: 495px) 100vw, 495px\" \/><\/div><\/li><\/ul><div class='avia-slideshow-arrows avia-slideshow-controls' ><a href='#prev' class='prev-slide ' aria-hidden='true' data-av_icon='\ue87c' data-av_iconfont='entypo-fontello'  tabindex='-1'>Previous<\/a><a href='#next' class='next-slide ' aria-hidden='true' data-av_icon='\ue87d' data-av_iconfont='entypo-fontello'  tabindex='-1'>Next<\/a><\/div><div class='avia-slideshow-dots avia-slideshow-controls'><a href='#1' class='goto-slide active' >1<\/a><a href='#2' class='goto-slide ' >2<\/a><a href='#3' class='goto-slide ' >3<\/a><a href='#4' class='goto-slide ' >4<\/a><a href='#5' class='goto-slide ' >5<\/a><\/div><\/div><\/div>\n<div  class='flex_column av-pzdrf-c255e9b98c6eae2ed1ffa8fe8c6370bd av_one_half  avia-builder-el-2  el_after_av_one_half  el_before_av_hr  flex_column_div  '     ><p>\n<style type=\"text\/css\" data-created_by=\"avia_inline_auto\" id=\"style-css-av-1yc8nbv-0f707d06c38daefb7bb6681cd2a60d00\">\n#top .av-special-heading.av-1yc8nbv-0f707d06c38daefb7bb6681cd2a60d00{\npadding-bottom:10px;\n}\nbody .av-special-heading.av-1yc8nbv-0f707d06c38daefb7bb6681cd2a60d00 .av-special-heading-tag .heading-char{\nfont-size:25px;\n}\n.av-special-heading.av-1yc8nbv-0f707d06c38daefb7bb6681cd2a60d00 .av-subheading{\nfont-size:15px;\n}\n<\/style>\n<div  class='av-special-heading av-1yc8nbv-0f707d06c38daefb7bb6681cd2a60d00 av-special-heading-h4  avia-builder-el-3  el_before_av_hr  avia-builder-el-first '><h4 class='av-special-heading-tag '  itemprop=\"headline\"  >Despre Noi<\/h4><div class=\"special-heading-border\"><div class=\"special-heading-inner-border\"><\/div><\/div><\/div><br \/>\n\n<style type=\"text\/css\" data-created_by=\"avia_inline_auto\" id=\"style-css-av-lzzeiuaw-32c1a230279653441f794c889e003344\">\n#top .hr.hr-invisible.av-lzzeiuaw-32c1a230279653441f794c889e003344{\nheight:50px;\n}\n<\/style>\n<div  class='hr av-lzzeiuaw-32c1a230279653441f794c889e003344 hr-invisible  avia-builder-el-4  el_after_av_heading  el_before_av_image '><span class='hr-inner '><span class=\"hr-inner-style\"><\/span><\/span><\/div><br \/>\n\n<style type=\"text\/css\" data-created_by=\"avia_inline_auto\" id=\"style-css-av-lzzeho9i-0ad93ba9d3e970f65d7e8838e133c0c1\">\n@keyframes av_boxShadowEffect_av-lzzeho9i-0ad93ba9d3e970f65d7e8838e133c0c1 {\n0%   { box-shadow:  0 0 0 0 ; opacity: 1; }\n100% { box-shadow:  0 0 13px 0 ; opacity: 1; }\n}\n.avia-image-container.av-lzzeho9i-0ad93ba9d3e970f65d7e8838e133c0c1 img.avia_image{\nbox-shadow: 0 0 13px 0 ;\n}\n.avia-image-container.av-lzzeho9i-0ad93ba9d3e970f65d7e8838e133c0c1 .av-image-caption-overlay-center{\ncolor:#ffffff;\n}\n<\/style>\n<div  class='avia-image-container av-lzzeho9i-0ad93ba9d3e970f65d7e8838e133c0c1 av-styling-circle avia-align-center  avia-builder-el-5  el_after_av_hr  el_before_av_hr  av-img-box-shadow av-box-shadow-not-animated'   itemprop=\"image\" itemscope=\"itemscope\" itemtype=\"https:\/\/schema.org\/ImageObject\" ><div class=\"avia-image-container-inner\"><div class=\"avia-image-overlay-wrap\"><img decoding=\"async\" fetchpriority=\"high\" class='wp-image-3765 avia-img-lazy-loading-not-3765 avia_image shadow-not-animated' src=\"https:\/\/parohiasfantatreimemilitari.ro\/wp-content\/uploads\/2024\/08\/691194-sf-treime-300x179.jpg\" alt='' title='691194-sf-treime'  height=\"179\" width=\"300\"  itemprop=\"thumbnailUrl\" srcset=\"https:\/\/parohiasfantatreimemilitari.ro\/wp-content\/uploads\/2024\/08\/691194-sf-treime-300x179.jpg 300w, https:\/\/parohiasfantatreimemilitari.ro\/wp-content\/uploads\/2024\/08\/691194-sf-treime.jpg 567w\" sizes=\"(max-width: 300px) 100vw, 300px\" \/><\/div><\/div><\/div><br \/>\n<div  class='hr av-lzby3m7k-449ef746c19e023480823568324b2917 hr-short  avia-builder-el-6  el_after_av_image  el_before_av_textblock  hr-center'><span class='hr-inner '><span class=\"hr-inner-style\"><\/span><\/span><\/div><br \/>\n\n<style type=\"text\/css\" data-created_by=\"avia_inline_auto\" id=\"style-css-av-1wwlaln-74ed7a562f7b2f16aa761752738afc4e\">\n#top .av_textblock_section.av-1wwlaln-74ed7a562f7b2f16aa761752738afc4e .avia_textblock{\ntext-align:justify;\n}\n<\/style>\n<section  class='av_textblock_section av-1wwlaln-74ed7a562f7b2f16aa761752738afc4e '   itemscope=\"itemscope\" itemtype=\"https:\/\/schema.org\/CreativeWork\" ><div class='avia_textblock'  itemprop=\"text\" ><h6><span style=\"color: #a10000;\">Bisericile sunt m\u0103rturii v\u0103zute ale credin\u021bei omului.<\/span><br \/>\n<span style=\"color: #a10000;\"> Dorinta izvor\u00e2t\u0103 din credin\u021b\u0103 \u00eentrupeaz\u0103 mai apoi forme \u0219i zidiri unde Dumnezeu \u00ee\u0219i \u00eempline\u0219te lucrarea m\u00e2ntuitoare \u00een lume.<\/span><\/h6>\n<h6><span style=\"color: #a10000;\">Omul \u00eencepe lucrarea bun\u0103 \u0219i Dumnezeu o des\u0103v\u00e2r\u0219e\u0219te.<\/span><\/h6>\n<h6><span style=\"color: #a10000;\">A\u0219a s-a \u00eenceput zidirea bisericii Sf\u00e2nta Treime din cartierul Militari, un spa\u021biu dominat de blocuri \u0219i case mari, \u00een care cu greu \u00ee\u0219i putea cineva imagina ca mai este loc pentru un Sf\u00e2nt L\u0103ca\u0219.<\/span><\/h6>\n<hr \/>\n<p><strong><br \/>\nBISERICA DE LA DEMISOL<\/strong><\/p>\n<p>Construc\u0163ia a fost \u00eenceput\u0103 in anul 2005, pe un teren donat de familia preotului Ciuc\u0103 Anichit-Orest, cu fonduri generate de cimitirul parohial, dona\u0163ii ale bunilor credincio\u0219i si cu sprijinul permanent al preotului Ciuc\u0103 Ion de la parohia Ro\u015fu \u015fi al fiilor s\u0103i, diaconul Anichit Orest si Ioan Alexandru. Slujirea \u00eenceput in Paraclisul de la demisolul bisericii mari, finalizat \u00eentre anii 2005-2006 sub \u00eendrumarea Ing. Stan Daniel.<\/p>\n<p>L\u0103ca\u0219ul ( demisolul ) a fost sfin\u021bit \u00een data de 11 iunie 2006 &#8211; Praznicul &#8221; Pogor\u00e2rii Duhului Sf\u00e2nt&#8221; de c\u0103tre Preasfin\u021bitul Ciprian C\u00e2mpineanul, episcop vicar patriarhal, ca delagat al Preafericitului P\u0103rinte Patriarh Teoctist.<\/p>\n<hr \/>\n<p><strong>CAPELA PAROHIAL\u0100<\/strong><\/p>\n<p>In data de 9 noiembrie, anul 2006, are loc Sfin\u0163irea Capelei parohiale cu hramul \u00a0&#8220;Sfin\u021bilor Rom\u00e2ni&#8221; construit\u0103 \u00een numai cinci luni \u0219i a unui spa\u021biu social-filantropic la etaj, dotat cu toate cele necesare.<\/p>\n<hr \/>\n<p><strong>TROITA PAROHIAL\u00c3<\/strong><\/p>\n<p>La data de 28 mai 2007, cu ocazia praznicului Sfintei Treimi are loc sfin\u021birea Troi\u021bei, situat\u0103 la intrarea \u00een curtea bisericii, purt\u00e2nd hramul &#8220;In\u0103l\u0163area Domnului&#8221; de c\u0103tre Preafericitul P\u0103rinte Patriarh Teoctist. \u00cen cursul anului 2007 (martie-decembrie) au fost executate lucr\u0103ri ample la biserica suprateran\u0103 p\u00e2n\u0103 la cota de 7 metri (zid\u0103rie, st\u00e2lpi din beton armat, pl\u0103ci \u0219i acoperi\u015f provizoriu).<\/p>\n<hr \/>\n<p><strong>CABINETUL STOMATOLOGIC<\/strong><\/p>\n<p>\u00cen iunie 2008 are loc Sfin\u021birea cabinetului stomatologic cu hramul &#8221; Sfin\u021bii Cosma \u0219i Damian &#8220;, precum \u0219i a lum\u00e2n\u0103rarului, pangarului \u0219i cancelariei parohiale de c\u0103tre un ales sobor de preo\u021bi \u0219i diaconi \u00een frunte cu PC. Consilier Pr. Alexandru Gherasim , ca delagat al Preafericitului P\u0103rinte Patriarh Daniel.<\/p>\n<hr \/>\n<h6>ALTARUL DE VAR\u0102<\/h6>\n<p>La data de 08 iunie 2009 are loc sfin\u021birea Altarului de Var\u0103 cu hramul &#8221; Sfin\u021bii \u00cemp\u0103ra\u021bi Constantin \u0219i Elena &#8220;, de c\u0103tre Preasfin\u021bitul Varsanufie Prahoveanul &#8211; Episcop vicar al Arhiepiscopiei Bucurestilor. La etajul cl\u0103dirii a fost amenajat un spatiu pentru nevoile sociale ale parohiei.<\/p>\n<hr \/>\n<h6><strong>TROI\u021aA MARAMURE\u0218EAN\u0102<\/strong><\/h6>\n<p>La data de 24 iunie 2013 a fost amplasat\u0103 \u00een curtea parohial\u0103 o troi\u021b\u0103 \u00een stil maramure\u0219ean din lemn, spre aducerea aminte a tuturor ctitorilor, binef\u0103c\u0103torilor, miluitorilor \u0219i ostenitorilor bisericii noastre.<\/p>\n<h6>CLOPOTNI\u021aA<\/h6>\n<hr \/>\n<p>\u00cen anul 2013 au fost demarate lucr\u0103rile de edificare a clopotni\u021bei parohiale \u00een stil br\u00e2ncovenesc cu hramul &#8221; Sf\u00e2ntul Ioan Botezatorul &#8220;, av\u00e2nd amenajat\u0103 la etaj o bibliotec\u0103 parohial\u0103.<\/p>\n<hr \/>\n<h6>BISERICA MARE<\/h6>\n<p>Biserica supraterena \u0219i clopotni\u021ba au fost sfin\u021bite \u00een data de 28 septembrie 2014 &#8211; la 9 ani de la punerea pietrei de temelie a bisericii \u0219i \u00eenceperea lucr\u0103rilor ( 2005 &#8211; 2014 ), de c\u0103tre un ales sobor de preo\u021bi \u0219i diaconi \u00een frunte cu Preasfin\u021bitul Varlaam Ploie\u0219teanul &#8211; Episcop vicar patriarhal, ca delegat al Preafericitului P\u0103rinte Patriarh Daniel. Cu aceea\u0219i ocazie a avut loc \u0219i hirotonia \u00een preot a PC. Preot Raducu Marius &#8211; Cristinel , actualul paroh.<\/p>\n<h4><\/h4>\n<\/div><\/section><\/p><\/div><div  class='hr av-1iw7abv-8d64bc77071fb5ad151ac57f6bb9ad1e hr-short  avia-builder-el-8  el_after_av_one_half  avia-builder-el-last  hr-center'><span class='hr-inner '><span class=\"hr-inner-style\"><\/span><\/span><\/div><\/p>\n","protected":false},"excerpt":{"rendered":"","protected":false},"author":1,"featured_media":0,"parent":1122,"menu_order":0,"comment_status":"open","ping_status":"open","template":"","meta":{"footnotes":""},"class_list":["post-1195","page","type-page","status-publish","hentry"],"_links":{"self":[{"href":"https:\/\/parohiasfantatreimemilitari.ro\/index.php?rest_route=\/wp\/v2\/pages\/1195","targetHints":{"allow":["GET"]}}],"collection":[{"href":"https:\/\/parohiasfantatreimemilitari.ro\/index.php?rest_route=\/wp\/v2\/pages"}],"about":[{"href":"https:\/\/parohiasfantatreimemilitari.ro\/index.php?rest_route=\/wp\/v2\/types\/page"}],"author":[{"embeddable":true,"href":"https:\/\/parohiasfantatreimemilitari.ro\/index.php?rest_route=\/wp\/v2\/users\/1"}],"replies":[{"embeddable":true,"href":"https:\/\/parohiasfantatreimemilitari.ro\/index.php?rest_route=%2Fwp%2Fv2%2Fcomments&post=1195"}],"version-history":[{"count":51,"href":"https:\/\/parohiasfantatreimemilitari.ro\/index.php?rest_route=\/wp\/v2\/pages\/1195\/revisions"}],"predecessor-version":[{"id":3775,"href":"https:\/\/parohiasfantatreimemilitari.ro\/index.php?rest_route=\/wp\/v2\/pages\/1195\/revisions\/3775"}],"up":[{"embeddable":true,"href":"https:\/\/parohiasfantatreimemilitari.ro\/index.php?rest_route=\/wp\/v2\/pages\/1122"}],"wp:attachment":[{"href":"https:\/\/parohiasfantatreimemilitari.ro\/index.php?rest_route=%2Fwp%2Fv2%2Fmedia&parent=1195"}],"curies":[{"name":"wp","href":"https:\/\/api.w.org\/{rel}","templated":true}]}}