{"id":3363,"date":"2024-07-22T18:57:04","date_gmt":"2024-07-22T18:57:04","guid":{"rendered":"https:\/\/parohiasfantatreimemilitari.ro\/?page_id=3363"},"modified":"2024-08-16T20:44:21","modified_gmt":"2024-08-16T20:44:21","slug":"gallery-2-4","status":"publish","type":"page","link":"https:\/\/parohiasfantatreimemilitari.ro\/?page_id=3363","title":{"rendered":"Agape"},"content":{"rendered":"<section  class='av_textblock_section av-lyouo2r1-18c49a66f8cca1f76bd5bbf71a5bb926 '   itemscope=\"itemscope\" itemtype=\"https:\/\/schema.org\/CreativeWork\" ><div class='avia_textblock'  itemprop=\"text\" ><h3 style=\"text-align: center;\"><strong>Agape<\/strong><\/h3>\n<\/div><\/section>\n<div  class='flex_column av-1p2o1-8eb9fc5e3e6b2f0d65d9a019b8a9db06 av_one_full  avia-builder-el-1  el_after_av_textblock  el_before_av_hr  first flex_column_div  column-top-margin'     ><section  class='av_textblock_section av-lyxafjbv-ff9eccd68ccbb0ffbc85136ebb12e9ec '   itemscope=\"itemscope\" itemtype=\"https:\/\/schema.org\/CreativeWork\" ><div class='avia_textblock'  itemprop=\"text\" ><p>\u00cen duminicile \u0219i marile s\u0103rb\u0103tori din cursul anului,la finalul Sfintei Liturghii cu ajutorul bunilor credincio\u0219i \u0219i al grupului de voluntari sunt organizate agape fr\u0103\u021be\u0219ti pentru to\u021bi credincio\u0219ii participan\u021bi la slujb\u0103.<\/p>\n<p>Cu ocazia s\u0103rb\u0103torilor mari\u00a0(Na\u0219terea \u0219i \u00cenvierea Domnului) pe l\u00e2ng\u0103 agapa fr\u0103\u021beasc\u0103 sunt preg\u0103tite pachete cu alimente pentru familiile s\u0103race ce sunt duse la domiciliu de c\u0103tre voluntarii no\u0219tri.<\/p>\n<\/div><\/section><\/div><div  class='hr av-39flx2-1fac9c0aed9a08029fd043f317e6b868 hr-default  avia-builder-el-3  el_after_av_one_full  avia-builder-el-last '><span class='hr-inner '><span class=\"hr-inner-style\"><\/span><\/span><\/div><\/p>\n","protected":false},"excerpt":{"rendered":"","protected":false},"author":1,"featured_media":0,"parent":750,"menu_order":0,"comment_status":"open","ping_status":"open","template":"","meta":{"footnotes":""},"class_list":["post-3363","page","type-page","status-publish","hentry"],"_links":{"self":[{"href":"https:\/\/parohiasfantatreimemilitari.ro\/index.php?rest_route=\/wp\/v2\/pages\/3363","targetHints":{"allow":["GET"]}}],"collection":[{"href":"https:\/\/parohiasfantatreimemilitari.ro\/index.php?rest_route=\/wp\/v2\/pages"}],"about":[{"href":"https:\/\/parohiasfantatreimemilitari.ro\/index.php?rest_route=\/wp\/v2\/types\/page"}],"author":[{"embeddable":true,"href":"https:\/\/parohiasfantatreimemilitari.ro\/index.php?rest_route=\/wp\/v2\/users\/1"}],"replies":[{"embeddable":true,"href":"https:\/\/parohiasfantatreimemilitari.ro\/index.php?rest_route=%2Fwp%2Fv2%2Fcomments&post=3363"}],"version-history":[{"count":3,"href":"https:\/\/parohiasfantatreimemilitari.ro\/index.php?rest_route=\/wp\/v2\/pages\/3363\/revisions"}],"predecessor-version":[{"id":3669,"href":"https:\/\/parohiasfantatreimemilitari.ro\/index.php?rest_route=\/wp\/v2\/pages\/3363\/revisions\/3669"}],"up":[{"embeddable":true,"href":"https:\/\/parohiasfantatreimemilitari.ro\/index.php?rest_route=\/wp\/v2\/pages\/750"}],"wp:attachment":[{"href":"https:\/\/parohiasfantatreimemilitari.ro\/index.php?rest_route=%2Fwp%2Fv2%2Fmedia&parent=3363"}],"curies":[{"name":"wp","href":"https:\/\/api.w.org\/{rel}","templated":true}]}}