{"id":3394,"date":"2024-07-22T19:55:56","date_gmt":"2024-07-22T19:55:56","guid":{"rendered":"https:\/\/parohiasfantatreimemilitari.ro\/?page_id=3394"},"modified":"2025-11-04T07:08:56","modified_gmt":"2025-11-04T07:08:56","slug":"gallery-2-5","status":"publish","type":"page","link":"https:\/\/parohiasfantatreimemilitari.ro\/?page_id=3394","title":{"rendered":"Contact"},"content":{"rendered":"<section  class='av_textblock_section av-mhk8dvpg-fe1fd87c53a1f4daeb2a9e2c39bf871d '   itemscope=\"itemscope\" itemtype=\"https:\/\/schema.org\/CreativeWork\" ><div class='avia_textblock'  itemprop=\"text\" ><h6><strong>Num\u0103rul de telefon al parohiei : 0722 828 676<\/strong><\/h6>\n<\/div><\/section>\n\n<style type=\"text\/css\" data-created_by=\"avia_inline_auto\" id=\"style-css-av-3s51sy-80d3083794cd3dbc988ea22f15b9de62\">\n#top .hr.hr-invisible.av-3s51sy-80d3083794cd3dbc988ea22f15b9de62{\nheight:20px;\n}\n<\/style>\n<div  class='hr av-3s51sy-80d3083794cd3dbc988ea22f15b9de62 hr-invisible  avia-builder-el-1  el_after_av_textblock  el_before_av_hr '><span class='hr-inner '><span class=\"hr-inner-style\"><\/span><\/span><\/div>\n\n<style type=\"text\/css\" data-created_by=\"avia_inline_auto\" id=\"style-css-av-lzze1ry7-22a4ebad44a01dfd27a813973087976b\">\n#top .hr.av-lzze1ry7-22a4ebad44a01dfd27a813973087976b{\nmargin-top:30px;\nmargin-bottom:30px;\n}\n.hr.av-lzze1ry7-22a4ebad44a01dfd27a813973087976b .hr-inner{\nwidth:50px;\nmax-width:45%;\n}\n<\/style>\n<div  class='hr av-lzze1ry7-22a4ebad44a01dfd27a813973087976b hr-custom  avia-builder-el-2  el_after_av_hr  el_before_av_one_half  hr-center hr-icon-yes'><span class='hr-inner inner-border-av-border-thin'><span class=\"hr-inner-style\"><\/span><\/span><span class='av-seperator-icon' aria-hidden='true' data-av_icon='\ue854' data-av_iconfont='entypo-fontello'><\/span><span class='hr-inner inner-border-av-border-thin'><span class=\"hr-inner-style\"><\/span><\/span><\/div>\n<div  class='flex_column av-lyxewbvn-b770aa381237594b108d50b8135dd47b av_one_half  avia-builder-el-3  el_after_av_hr  el_before_av_hr  first flex_column_div  '     ><section  class='av_textblock_section av-lyxeouoz-51a677a48cedb951167fdc5cbd34c7ae '   itemscope=\"itemscope\" itemtype=\"https:\/\/schema.org\/CreativeWork\" ><div class='avia_textblock'  itemprop=\"text\" ><h5 style=\"text-align: center;\"><\/h5>\n<ul>\n<li>\n<h6>Pr. R\u0103ducu Marius &#8211; Cristinel : <a href=\"tel:0722535689\">0722535689<\/a><\/h6>\n<\/li>\n<li>\n<h6>Pr. Ciuc\u0103 Anichit &#8211; Orest : <a href=\"tel:0744488966\">0744488966<\/a><\/h6>\n<\/li>\n<li>\n<h6>Diac. Calan Alexandru &#8211; Viorel : <a href=\"tel:0754493948\">0754493948<\/a><\/h6>\n<\/li>\n<li>\n<h6>Fi\u0219cuci Florin\u00a0 &#8211; Ionu\u021b : <a href=\"tel:0749550646\">0749550646<\/a><\/h6>\n<\/li>\n<li>\n<h6>Oana Adrian &#8211; Florin : <a href=\"tel:0756926119\">0756926119<\/a><\/h6>\n<\/li>\n<\/ul>\n<\/div><\/section><\/div>\n<div  class='hr av-37i5z6-789dcb318973893f41be6443a06141a1 hr-short  avia-builder-el-5  el_after_av_one_half  el_before_av_one_half  hr-center'><span class='hr-inner '><span class=\"hr-inner-style\"><\/span><\/span><\/div>\n<div  class='flex_column av-5959si-316788fe3d7288e5d189e065bc637216 av_one_half  avia-builder-el-6  el_after_av_hr  el_before_av_hr  first flex_column_div  '     ><section  class='av_textblock_section av-lyxewwbi-cf2e558bde34100f0d8bc3d805b750c2 '   itemscope=\"itemscope\" itemtype=\"https:\/\/schema.org\/CreativeWork\" ><div class='avia_textblock'  itemprop=\"text\" ><h6 style=\"text-align: center;\">Dac\u0103 dori\u0163i s\u0103 contribui\u0163i la sus\u0163inerea parohiei \u0219i a proiectelor noastre, pute\u0163i face dona\u0163ii \u00een conturile\u00a0 de mai jos:<\/h6>\n<h6 style=\"text-align: center;\">PAROHIA SF. TREIME \u2013 MILITARI \u2013 BCR<\/h6>\n<h6 style=\"text-align: center;\">RO90 RNCB0289 1498 5247 0001 \u2013 CONT LEI<\/h6>\n<h6 style=\"text-align: center;\">RO95 RNCB 0289 1498 5247 0008 \u2013 CONT EURO<\/h6>\n<p style=\"text-align: center;\">\n<\/div><\/section><\/div>\n\n<style type=\"text\/css\" data-created_by=\"avia_inline_auto\" id=\"style-css-av-lzyme1ls-7e9fd2c09271ef94f77d89d41ca6657e\">\n#top .hr.av-lzyme1ls-7e9fd2c09271ef94f77d89d41ca6657e{\nmargin-top:30px;\nmargin-bottom:30px;\n}\n.hr.av-lzyme1ls-7e9fd2c09271ef94f77d89d41ca6657e .hr-inner{\nwidth:50px;\nmax-width:45%;\n}\n<\/style>\n<div  class='hr av-lzyme1ls-7e9fd2c09271ef94f77d89d41ca6657e hr-custom  avia-builder-el-8  el_after_av_one_half  el_before_av_one_full  hr-center hr-icon-yes'><span class='hr-inner inner-border-av-border-thin'><span class=\"hr-inner-style\"><\/span><\/span><span class='av-seperator-icon' aria-hidden='true' data-av_icon='\ue81f' data-av_iconfont='entypo-fontello'><\/span><span class='hr-inner inner-border-av-border-thin'><span class=\"hr-inner-style\"><\/span><\/span><\/div>\n<div  class='flex_column av-37it4i-cb58d39e518b5445e015e8bf00f355bd av_one_full  avia-builder-el-9  el_after_av_hr  el_before_av_hr  first flex_column_div  '     ><section  class='av_textblock_section av-lzym1px6-c551f529bdfa3b4968fa8685e4b939ba '   itemscope=\"itemscope\" itemtype=\"https:\/\/schema.org\/CreativeWork\" ><div class='avia_textblock'  itemprop=\"text\" ><p style=\"text-align: center;\"><strong>ADRES\u0102<\/strong><\/p>\n<p style=\"text-align: center;\"><em>Bd. Iuliu Maniu nr. 194A, <span class=\"selectable-text copyable-text\">Bucure\u0219ti 077042<\/span><\/em><\/p>\n<p style=\"text-align: center;\"><em> ( vis-a-vis de Autogara Militari )<\/em><\/p>\n<p style=\"text-align: center;\"><em>Bucure\u0219ti, Sector 6<\/em><\/p>\n<\/div><\/section><br \/>\n<\/p><\/div>\n<div  class='hr av-39flx2-1fac9c0aed9a08029fd043f317e6b868 hr-default  avia-builder-el-12  el_after_av_one_full  avia-builder-el-last '><span class='hr-inner '><span class=\"hr-inner-style\"><\/span><\/span><\/div>\n","protected":false},"excerpt":{"rendered":"","protected":false},"author":1,"featured_media":0,"parent":750,"menu_order":0,"comment_status":"open","ping_status":"open","template":"","meta":{"footnotes":""},"class_list":["post-3394","page","type-page","status-publish","hentry"],"_links":{"self":[{"href":"https:\/\/parohiasfantatreimemilitari.ro\/index.php?rest_route=\/wp\/v2\/pages\/3394","targetHints":{"allow":["GET"]}}],"collection":[{"href":"https:\/\/parohiasfantatreimemilitari.ro\/index.php?rest_route=\/wp\/v2\/pages"}],"about":[{"href":"https:\/\/parohiasfantatreimemilitari.ro\/index.php?rest_route=\/wp\/v2\/types\/page"}],"author":[{"embeddable":true,"href":"https:\/\/parohiasfantatreimemilitari.ro\/index.php?rest_route=\/wp\/v2\/users\/1"}],"replies":[{"embeddable":true,"href":"https:\/\/parohiasfantatreimemilitari.ro\/index.php?rest_route=%2Fwp%2Fv2%2Fcomments&post=3394"}],"version-history":[{"count":54,"href":"https:\/\/parohiasfantatreimemilitari.ro\/index.php?rest_route=\/wp\/v2\/pages\/3394\/revisions"}],"predecessor-version":[{"id":4171,"href":"https:\/\/parohiasfantatreimemilitari.ro\/index.php?rest_route=\/wp\/v2\/pages\/3394\/revisions\/4171"}],"up":[{"embeddable":true,"href":"https:\/\/parohiasfantatreimemilitari.ro\/index.php?rest_route=\/wp\/v2\/pages\/750"}],"wp:attachment":[{"href":"https:\/\/parohiasfantatreimemilitari.ro\/index.php?rest_route=%2Fwp%2Fv2%2Fmedia&parent=3394"}],"curies":[{"name":"wp","href":"https:\/\/api.w.org\/{rel}","templated":true}]}}