{"id":3868,"date":"2024-09-26T17:57:11","date_gmt":"2024-09-26T17:57:11","guid":{"rendered":"https:\/\/parohiasfantatreimemilitari.ro\/?page_id=3868"},"modified":"2025-05-11T14:59:43","modified_gmt":"2025-05-11T14:59:43","slug":"gallery-2-4-2","status":"publish","type":"page","link":"https:\/\/parohiasfantatreimemilitari.ro\/?page_id=3868","title":{"rendered":"Activit\u0103\u021bi social-filantropice"},"content":{"rendered":"<section  class='av_textblock_section av-lyouo2r1-18c49a66f8cca1f76bd5bbf71a5bb926 '   itemscope=\"itemscope\" itemtype=\"https:\/\/schema.org\/CreativeWork\" ><div class='avia_textblock'  itemprop=\"text\" ><h3 style=\"text-align: center;\">Activit\u0103\u021bi social-filantropice<\/h3>\n<\/div><\/section>\n<div  class='flex_column av-1p2o1-8eb9fc5e3e6b2f0d65d9a019b8a9db06 av_one_full  avia-builder-el-1  el_after_av_textblock  el_before_av_horizontal_gallery  avia-builder-el-last  first flex_column_div  column-top-margin'     ><section  class='av_textblock_section av-lyxafjbv-ff9eccd68ccbb0ffbc85136ebb12e9ec '   itemscope=\"itemscope\" itemtype=\"https:\/\/schema.org\/CreativeWork\" ><div class='avia_textblock'  itemprop=\"text\" ><p style=\"text-align: center;\">Prin intermediul Campaniei &#8220;Ajut\u0103 un b\u0103tr\u00e2n s\u0103 z\u00e2mbeasc\u0103&#8221;, \u00een luna aprilie 2025, 50 de v\u00e2rstnici vulnerabili, beneficiari ai Asocia\u021biei Diaconia Bucure\u0219ti &#8211; organiza\u021bie membr\u0103 a Federa\u021biei Filantropia, au primit GRATUIT pachete cu produse alimentare neperisabile \u0219i produse de igien\u0103 personal\u0103.<\/p>\n<p style=\"text-align: center;\">Ac\u021biunea de distribuire a pachetelor s-a desf\u0103\u0219urat \u00een Parohia \u201eSf\u00e2nta Treime\u201d\u2011 Militari, Protoieria Sector 6 Capital\u0103, Arhiepiscopia Bucure\u0219tilor, cu ajutorul Pr. R\u0103ducu Marius \u2013 Cristinel, preot paroh al Parohiei &#8220;Sf\u00e2nta Treime&#8221;.<\/p>\n<p style=\"text-align: center;\">Campania \u201eAjut\u0103 un b\u0103tr\u00e2n s\u0103 z\u00e2mbeasc\u0103\u201d, desf\u0103\u0219urat\u0103 \u00een sprijinul persoanelor v\u00e2rstnice aflate \u00een situa\u021bii de vulnerabilitate medical\u0103, social\u0103 sau material\u0103, urm\u0103re\u0219te s\u0103 le ofere acestora, acces gratuit la tratamente medicale, combustibil pentru \u00eenc\u0103lzirea locuin\u021belor, produse alimentare de strict\u0103 necesitate \u0219i facilitarea accesului la servicii sociale \u0219i medicale.<\/p>\n<\/div><\/section><\/div>\n<style type=\"text\/css\" data-created_by=\"avia_inline_auto\" id=\"style-css-av-makblqn3-5a3165c9693ced08873babac3aa0f371\">\n.av-horizontal-gallery.av-makblqn3-5a3165c9693ced08873babac3aa0f371{\npadding:3.75% 0px;;\n}\n.av-horizontal-gallery.av-makblqn3-5a3165c9693ced08873babac3aa0f371 .av-horizontal-gallery-inner{\npadding-bottom:25%;\n}\n<\/style>\n<div  class='av-horizontal-gallery av-makblqn3-5a3165c9693ced08873babac3aa0f371 av-horizontal-gallery-large-gap av-horizontal-gallery-enlarge-effect  avia-builder-el-3  el_after_av_one_full  avia-builder-el-last  av-slideshow-ui av-control-default av-slideshow-manual av-loop-once av-loop-manual-once av-horizontal-gallery-1' data-slideshow-data=\"{&quot;enlarge&quot;:1.3,&quot;animation&quot;:&quot;slide&quot;,&quot;autoplay&quot;:false,&quot;loop_autoplay&quot;:&quot;once&quot;,&quot;interval&quot;:5,&quot;loop_manual&quot;:&quot;manual-once&quot;,&quot;autoplay_stopper&quot;:false,&quot;noNavigation&quot;:false,&quot;bg_slider&quot;:false,&quot;keep_padding&quot;:&quot;&quot;,&quot;hoverpause&quot;:false,&quot;show_slide_delay&quot;:0}\"  itemprop=\"image\" itemscope=\"itemscope\" itemtype=\"https:\/\/schema.org\/ImageObject\" ><div class='avia-slideshow-arrows avia-slideshow-controls' ><a href='#prev' class='prev-slide av-horizontal-gallery-prev' aria-hidden='true' data-av_icon='\ue87c' data-av_iconfont='entypo-fontello'  tabindex='-1'>Previous<\/a><a href='#next' class='next-slide av-horizontal-gallery-next' aria-hidden='true' data-av_icon='\ue87d' data-av_iconfont='entypo-fontello'  tabindex='-1'>Next<\/a><\/div><div class='avia-slideshow-dots avia-slideshow-controls av-horizontal-gallery-dots fade-in'><a href='#1' class='goto-slide active' >1<\/a><a href='#2' class='goto-slide ' >2<\/a><a href='#3' class='goto-slide ' >3<\/a><\/div><div class='av-horizontal-gallery-inner' data-av-height='25'><div class=\"av-horizontal-gallery-slider\"><div class=\"av-horizontal-gallery-wrap noHover\"><img decoding=\"async\" fetchpriority=\"high\" class='wp-image-4073 avia-img-lazy-loading-not-4073 av-horizontal-gallery-img' width=\"1030\" height=\"580\" src=\"https:\/\/parohiasfantatreimemilitari.ro\/wp-content\/uploads\/2025\/05\/WhatsApp-Image-2025-04-13-at-02.03.15-1030x580.jpeg\" title='WhatsApp Image 2025-04-13 at 02.03.15' alt='' srcset=\"https:\/\/parohiasfantatreimemilitari.ro\/wp-content\/uploads\/2025\/05\/WhatsApp-Image-2025-04-13-at-02.03.15-1030x580.jpeg 1030w, https:\/\/parohiasfantatreimemilitari.ro\/wp-content\/uploads\/2025\/05\/WhatsApp-Image-2025-04-13-at-02.03.15-300x169.jpeg 300w, https:\/\/parohiasfantatreimemilitari.ro\/wp-content\/uploads\/2025\/05\/WhatsApp-Image-2025-04-13-at-02.03.15-768x432.jpeg 768w, https:\/\/parohiasfantatreimemilitari.ro\/wp-content\/uploads\/2025\/05\/WhatsApp-Image-2025-04-13-at-02.03.15-1536x864.jpeg 1536w, https:\/\/parohiasfantatreimemilitari.ro\/wp-content\/uploads\/2025\/05\/WhatsApp-Image-2025-04-13-at-02.03.15-1500x844.jpeg 1500w, https:\/\/parohiasfantatreimemilitari.ro\/wp-content\/uploads\/2025\/05\/WhatsApp-Image-2025-04-13-at-02.03.15-705x397.jpeg 705w, https:\/\/parohiasfantatreimemilitari.ro\/wp-content\/uploads\/2025\/05\/WhatsApp-Image-2025-04-13-at-02.03.15.jpeg 2040w\" sizes=\"(max-width: 1030px) 100vw, 1030px\" \/><a href=\"https:\/\/parohiasfantatreimemilitari.ro\/wp-content\/uploads\/2025\/05\/WhatsApp-Image-2025-04-13-at-02.03.15-1030x580.jpeg\" data-srcset=\"https:\/\/parohiasfantatreimemilitari.ro\/wp-content\/uploads\/2025\/05\/WhatsApp-Image-2025-04-13-at-02.03.15-1030x580.jpeg 1030w, https:\/\/parohiasfantatreimemilitari.ro\/wp-content\/uploads\/2025\/05\/WhatsApp-Image-2025-04-13-at-02.03.15-300x169.jpeg 300w, https:\/\/parohiasfantatreimemilitari.ro\/wp-content\/uploads\/2025\/05\/WhatsApp-Image-2025-04-13-at-02.03.15-768x432.jpeg 768w, https:\/\/parohiasfantatreimemilitari.ro\/wp-content\/uploads\/2025\/05\/WhatsApp-Image-2025-04-13-at-02.03.15-1536x864.jpeg 1536w, https:\/\/parohiasfantatreimemilitari.ro\/wp-content\/uploads\/2025\/05\/WhatsApp-Image-2025-04-13-at-02.03.15-1500x844.jpeg 1500w, https:\/\/parohiasfantatreimemilitari.ro\/wp-content\/uploads\/2025\/05\/WhatsApp-Image-2025-04-13-at-02.03.15-705x397.jpeg 705w, https:\/\/parohiasfantatreimemilitari.ro\/wp-content\/uploads\/2025\/05\/WhatsApp-Image-2025-04-13-at-02.03.15.jpeg 2040w\" data-sizes=\"(max-width: 1030px) 100vw, 1030px\" class='av-horizontal-gallery-link' aria-hidden='true' data-av_icon='\ue869' data-av_iconfont='entypo-fontello' title='WhatsApp Image 2025-04-13 at 02.03.15' alt=''><\/a><\/div><div class=\"av-horizontal-gallery-wrap noHover\"><img decoding=\"async\" fetchpriority=\"high\" class='wp-image-4074 avia-img-lazy-loading-not-4074 av-horizontal-gallery-img' width=\"1030\" height=\"580\" src=\"https:\/\/parohiasfantatreimemilitari.ro\/wp-content\/uploads\/2025\/05\/WhatsApp-Image-2025-04-13-at-02.03.16-1030x580.jpeg\" title='WhatsApp Image 2025-04-13 at 02.03.16' alt='' srcset=\"https:\/\/parohiasfantatreimemilitari.ro\/wp-content\/uploads\/2025\/05\/WhatsApp-Image-2025-04-13-at-02.03.16-1030x580.jpeg 1030w, https:\/\/parohiasfantatreimemilitari.ro\/wp-content\/uploads\/2025\/05\/WhatsApp-Image-2025-04-13-at-02.03.16-300x169.jpeg 300w, https:\/\/parohiasfantatreimemilitari.ro\/wp-content\/uploads\/2025\/05\/WhatsApp-Image-2025-04-13-at-02.03.16-768x432.jpeg 768w, https:\/\/parohiasfantatreimemilitari.ro\/wp-content\/uploads\/2025\/05\/WhatsApp-Image-2025-04-13-at-02.03.16-1536x864.jpeg 1536w, https:\/\/parohiasfantatreimemilitari.ro\/wp-content\/uploads\/2025\/05\/WhatsApp-Image-2025-04-13-at-02.03.16-1500x844.jpeg 1500w, https:\/\/parohiasfantatreimemilitari.ro\/wp-content\/uploads\/2025\/05\/WhatsApp-Image-2025-04-13-at-02.03.16-705x397.jpeg 705w, https:\/\/parohiasfantatreimemilitari.ro\/wp-content\/uploads\/2025\/05\/WhatsApp-Image-2025-04-13-at-02.03.16.jpeg 2040w\" sizes=\"(max-width: 1030px) 100vw, 1030px\" \/><a href=\"https:\/\/parohiasfantatreimemilitari.ro\/wp-content\/uploads\/2025\/05\/WhatsApp-Image-2025-04-13-at-02.03.16-1030x580.jpeg\" data-srcset=\"https:\/\/parohiasfantatreimemilitari.ro\/wp-content\/uploads\/2025\/05\/WhatsApp-Image-2025-04-13-at-02.03.16-1030x580.jpeg 1030w, https:\/\/parohiasfantatreimemilitari.ro\/wp-content\/uploads\/2025\/05\/WhatsApp-Image-2025-04-13-at-02.03.16-300x169.jpeg 300w, https:\/\/parohiasfantatreimemilitari.ro\/wp-content\/uploads\/2025\/05\/WhatsApp-Image-2025-04-13-at-02.03.16-768x432.jpeg 768w, https:\/\/parohiasfantatreimemilitari.ro\/wp-content\/uploads\/2025\/05\/WhatsApp-Image-2025-04-13-at-02.03.16-1536x864.jpeg 1536w, https:\/\/parohiasfantatreimemilitari.ro\/wp-content\/uploads\/2025\/05\/WhatsApp-Image-2025-04-13-at-02.03.16-1500x844.jpeg 1500w, https:\/\/parohiasfantatreimemilitari.ro\/wp-content\/uploads\/2025\/05\/WhatsApp-Image-2025-04-13-at-02.03.16-705x397.jpeg 705w, https:\/\/parohiasfantatreimemilitari.ro\/wp-content\/uploads\/2025\/05\/WhatsApp-Image-2025-04-13-at-02.03.16.jpeg 2040w\" data-sizes=\"(max-width: 1030px) 100vw, 1030px\" class='av-horizontal-gallery-link' aria-hidden='true' data-av_icon='\ue869' data-av_iconfont='entypo-fontello' title='WhatsApp Image 2025-04-13 at 02.03.16' alt=''><\/a><\/div><div class=\"av-horizontal-gallery-wrap noHover\"><img decoding=\"async\" fetchpriority=\"high\" class='wp-image-4075 avia-img-lazy-loading-not-4075 av-horizontal-gallery-img' width=\"1030\" height=\"580\" src=\"https:\/\/parohiasfantatreimemilitari.ro\/wp-content\/uploads\/2025\/05\/WhatsApp-Image-2025-04-13-at-02.03.17-1030x580.jpeg\" title='WhatsApp Image 2025-04-13 at 02.03.17' alt='' srcset=\"https:\/\/parohiasfantatreimemilitari.ro\/wp-content\/uploads\/2025\/05\/WhatsApp-Image-2025-04-13-at-02.03.17-1030x580.jpeg 1030w, https:\/\/parohiasfantatreimemilitari.ro\/wp-content\/uploads\/2025\/05\/WhatsApp-Image-2025-04-13-at-02.03.17-300x169.jpeg 300w, https:\/\/parohiasfantatreimemilitari.ro\/wp-content\/uploads\/2025\/05\/WhatsApp-Image-2025-04-13-at-02.03.17-768x432.jpeg 768w, https:\/\/parohiasfantatreimemilitari.ro\/wp-content\/uploads\/2025\/05\/WhatsApp-Image-2025-04-13-at-02.03.17-1536x864.jpeg 1536w, https:\/\/parohiasfantatreimemilitari.ro\/wp-content\/uploads\/2025\/05\/WhatsApp-Image-2025-04-13-at-02.03.17-1500x844.jpeg 1500w, https:\/\/parohiasfantatreimemilitari.ro\/wp-content\/uploads\/2025\/05\/WhatsApp-Image-2025-04-13-at-02.03.17-705x397.jpeg 705w, https:\/\/parohiasfantatreimemilitari.ro\/wp-content\/uploads\/2025\/05\/WhatsApp-Image-2025-04-13-at-02.03.17.jpeg 2040w\" sizes=\"(max-width: 1030px) 100vw, 1030px\" \/><a href=\"https:\/\/parohiasfantatreimemilitari.ro\/wp-content\/uploads\/2025\/05\/WhatsApp-Image-2025-04-13-at-02.03.17-1030x580.jpeg\" data-srcset=\"https:\/\/parohiasfantatreimemilitari.ro\/wp-content\/uploads\/2025\/05\/WhatsApp-Image-2025-04-13-at-02.03.17-1030x580.jpeg 1030w, https:\/\/parohiasfantatreimemilitari.ro\/wp-content\/uploads\/2025\/05\/WhatsApp-Image-2025-04-13-at-02.03.17-300x169.jpeg 300w, https:\/\/parohiasfantatreimemilitari.ro\/wp-content\/uploads\/2025\/05\/WhatsApp-Image-2025-04-13-at-02.03.17-768x432.jpeg 768w, https:\/\/parohiasfantatreimemilitari.ro\/wp-content\/uploads\/2025\/05\/WhatsApp-Image-2025-04-13-at-02.03.17-1536x864.jpeg 1536w, https:\/\/parohiasfantatreimemilitari.ro\/wp-content\/uploads\/2025\/05\/WhatsApp-Image-2025-04-13-at-02.03.17-1500x844.jpeg 1500w, https:\/\/parohiasfantatreimemilitari.ro\/wp-content\/uploads\/2025\/05\/WhatsApp-Image-2025-04-13-at-02.03.17-705x397.jpeg 705w, https:\/\/parohiasfantatreimemilitari.ro\/wp-content\/uploads\/2025\/05\/WhatsApp-Image-2025-04-13-at-02.03.17.jpeg 2040w\" data-sizes=\"(max-width: 1030px) 100vw, 1030px\" class='av-horizontal-gallery-link' aria-hidden='true' data-av_icon='\ue869' data-av_iconfont='entypo-fontello' title='WhatsApp Image 2025-04-13 at 02.03.17' alt=''><\/a><\/div><\/div><\/div><\/div><\/p>\n","protected":false},"excerpt":{"rendered":"","protected":false},"author":1,"featured_media":0,"parent":750,"menu_order":0,"comment_status":"open","ping_status":"open","template":"","meta":{"footnotes":""},"class_list":["post-3868","page","type-page","status-publish","hentry"],"_links":{"self":[{"href":"https:\/\/parohiasfantatreimemilitari.ro\/index.php?rest_route=\/wp\/v2\/pages\/3868","targetHints":{"allow":["GET"]}}],"collection":[{"href":"https:\/\/parohiasfantatreimemilitari.ro\/index.php?rest_route=\/wp\/v2\/pages"}],"about":[{"href":"https:\/\/parohiasfantatreimemilitari.ro\/index.php?rest_route=\/wp\/v2\/types\/page"}],"author":[{"embeddable":true,"href":"https:\/\/parohiasfantatreimemilitari.ro\/index.php?rest_route=\/wp\/v2\/users\/1"}],"replies":[{"embeddable":true,"href":"https:\/\/parohiasfantatreimemilitari.ro\/index.php?rest_route=%2Fwp%2Fv2%2Fcomments&post=3868"}],"version-history":[{"count":4,"href":"https:\/\/parohiasfantatreimemilitari.ro\/index.php?rest_route=\/wp\/v2\/pages\/3868\/revisions"}],"predecessor-version":[{"id":4077,"href":"https:\/\/parohiasfantatreimemilitari.ro\/index.php?rest_route=\/wp\/v2\/pages\/3868\/revisions\/4077"}],"up":[{"embeddable":true,"href":"https:\/\/parohiasfantatreimemilitari.ro\/index.php?rest_route=\/wp\/v2\/pages\/750"}],"wp:attachment":[{"href":"https:\/\/parohiasfantatreimemilitari.ro\/index.php?rest_route=%2Fwp%2Fv2%2Fmedia&parent=3868"}],"curies":[{"name":"wp","href":"https:\/\/api.w.org\/{rel}","templated":true}]}}